{"id":115,"date":"2017-01-18T17:35:00","date_gmt":"2017-01-18T17:35:00","guid":{"rendered":"http:\/\/sinpol-assinpol.com.br\/site\/?page_id=115"},"modified":"2024-11-05T14:24:29","modified_gmt":"2024-11-05T17:24:29","slug":"juridico","status":"publish","type":"page","link":"https:\/\/sinpol-assinpol.com.br\/site\/contato\/juridico\/","title":{"rendered":"Jur\u00eddico"},"content":{"rendered":"\n<h4 class=\"wp-block-heading\"><img loading=\"lazy\" decoding=\"async\" class=\"wp-image-941 size-large aligncenter\" src=\"http:\/\/sinpol-assinpol.com.br\/site\/wp-content\/uploads\/2018\/01\/juridico-1024x381.png\" alt=\"\" width=\"580\" height=\"216\" srcset=\"https:\/\/sinpol-assinpol.com.br\/site\/wp-content\/uploads\/2018\/01\/juridico.png 1024w, https:\/\/sinpol-assinpol.com.br\/site\/wp-content\/uploads\/2018\/01\/juridico-300x112.png 300w, https:\/\/sinpol-assinpol.com.br\/site\/wp-content\/uploads\/2018\/01\/juridico-768x286.png 768w\" sizes=\"(max-width: 580px) 100vw, 580px\" \/><\/h4>\n\n\n\n<p class=\"has-black-color has-text-color has-link-color wp-elements-824ffea3071cad50554592231617bdf5\">O corpo jur\u00eddico orienta e defende seus associados com primazia, sempre em busca dos seus direitos. Para <strong>agendamento no departamento jur\u00eddico<\/strong>, entre em contato pelo telefone <strong>(27) 3314-3390 ou pelo WhatsApp (27) 99255-0546<\/strong>.<\/p>\n\n\n\n<p><\/p>\n\n\n\n<figure class=\"wp-block-table is-style-regular\"><table class=\"has-black-color has-text-color has-link-color has-fixed-layout\"><thead><tr><th>Nome do Advogado<\/th><th>Dia de Atendimento<\/th><th>Hor\u00e1rio de Atendimento<\/th><th>\u00c1rea de Atendimento<\/th><\/tr><\/thead><tbody><tr><td>Dr. Raphael Jos\u00e9 dos Santos Sartori<\/td><td>Segunda-feira<\/td><td>14h \u00e0s 16h<\/td><td>PAD\/Criminal<\/td><\/tr><tr><td>Dra. Larissa Ferreira Ladeira<\/td><td>Ter\u00e7a-feira<\/td><td>14h \u00e0s 16h<\/td><td>C\u00edvel\/Fam\u00edlia<\/td><\/tr><tr><td>Dr. J\u00falio Cesar Barreiro Randow Santana<\/td><td>Quarta-feira<\/td><td>14h \u00e0s 16h<\/td><td>PAD\/C\u00edvel<\/td><\/tr><tr><td>Dr. Yuri Kennedy Santos Ladeira<\/td><td>Quinta-feira<\/td><td>14h \u00e0s 16h<\/td><td>C\u00edvel\/Tr\u00e2nsito Adm<\/td><\/tr><tr><td>Dra. Amanda Santos Ferreira Melotti<\/td><td>Sexta-feira<\/td><td>14h \u00e0s 16h<\/td><td>C\u00edvel\/Fam\u00edlia\/Adm<\/td><\/tr><\/tbody><\/table><\/figure>\n","protected":false},"excerpt":{"rendered":"<p>O corpo jur\u00eddico orienta e defende seus associados com primazia, sempre em busca dos seus direitos. Para agendamento no departamento jur\u00eddico, entre em contato pelo telefone (27) 3314-3390 ou pelo WhatsApp (27) 99255-0546. Nome do Advogado Dia de Atendimento Hor\u00e1rio de Atendimento \u00c1rea de Atendimento Dr. Raphael Jos\u00e9 dos Santos Sartori Segunda-feira 14h \u00e0s 16h [&hellip;]<\/p>\n","protected":false},"author":1,"featured_media":0,"parent":94,"menu_order":0,"comment_status":"closed","ping_status":"closed","template":"","meta":{"_et_pb_use_builder":"","_et_pb_old_content":"","_et_gb_content_width":"","footnotes":""},"class_list":["post-115","page","type-page","status-publish","hentry"],"_links":{"self":[{"href":"https:\/\/sinpol-assinpol.com.br\/site\/wp-json\/wp\/v2\/pages\/115","targetHints":{"allow":["GET"]}}],"collection":[{"href":"https:\/\/sinpol-assinpol.com.br\/site\/wp-json\/wp\/v2\/pages"}],"about":[{"href":"https:\/\/sinpol-assinpol.com.br\/site\/wp-json\/wp\/v2\/types\/page"}],"author":[{"embeddable":true,"href":"https:\/\/sinpol-assinpol.com.br\/site\/wp-json\/wp\/v2\/users\/1"}],"replies":[{"embeddable":true,"href":"https:\/\/sinpol-assinpol.com.br\/site\/wp-json\/wp\/v2\/comments?post=115"}],"version-history":[{"count":17,"href":"https:\/\/sinpol-assinpol.com.br\/site\/wp-json\/wp\/v2\/pages\/115\/revisions"}],"predecessor-version":[{"id":3105,"href":"https:\/\/sinpol-assinpol.com.br\/site\/wp-json\/wp\/v2\/pages\/115\/revisions\/3105"}],"up":[{"embeddable":true,"href":"https:\/\/sinpol-assinpol.com.br\/site\/wp-json\/wp\/v2\/pages\/94"}],"wp:attachment":[{"href":"https:\/\/sinpol-assinpol.com.br\/site\/wp-json\/wp\/v2\/media?parent=115"}],"curies":[{"name":"wp","href":"https:\/\/api.w.org\/{rel}","templated":true}]}}