{"id":638,"date":"2017-05-30T20:01:42","date_gmt":"2017-05-30T20:01:42","guid":{"rendered":"http:\/\/sinpol-assinpol.com.br\/site\/?page_id=638"},"modified":"2017-06-01T15:15:45","modified_gmt":"2017-06-01T15:15:45","slug":"prestacao-de-contas","status":"publish","type":"page","link":"https:\/\/sinpol-assinpol.com.br\/site\/prestacao-de-contas\/","title":{"rendered":"PRESTA\u00c7\u00c3O DE CONTAS"},"content":{"rendered":"<h3 style=\"text-align: center;\"><strong><a href=\"http:\/\/sinpol-assinpol.com.br\/site\/wp-content\/uploads\/2017\/05\/BALAN\u00c7O_DEZ-2015.pdf\">BALAN\u00c7O DEZEMBRO 2015<\/a><\/strong><\/h3>\n<h3 style=\"text-align: center;\"><strong><a href=\"http:\/\/sinpol-assinpol.com.br\/site\/wp-content\/uploads\/2017\/05\/BALANCETE-ANAL\u00cdTICO-2015-1.pdf\">BALANCETE ANAL\u00cdTICO 2015<\/a><\/strong><\/h3>\n<h3 style=\"text-align: center;\"><strong><a href=\"http:\/\/sinpol-assinpol.com.br\/site\/wp-content\/uploads\/2017\/05\/BALAN\u00c7O_DEZ-2015.pdf\">BALAN\u00c7O DEZEMBRO 2015<\/a><\/strong><\/h3>\n<h3 style=\"text-align: center;\"><strong><a href=\"http:\/\/sinpol-assinpol.com.br\/site\/wp-content\/uploads\/2017\/05\/BALANCETE-ANAL\u00cdTICO-2016.pdf\">BALANCETE ANAL\u00cdTICO 2016<\/a><\/strong><\/h3>\n","protected":false},"excerpt":{"rendered":"<p>BALAN\u00c7O DEZEMBRO 2015 BALANCETE ANAL\u00cdTICO 2015 BALAN\u00c7O DEZEMBRO 2015 BALANCETE ANAL\u00cdTICO 2016<\/p>\n","protected":false},"author":1,"featured_media":0,"parent":0,"menu_order":0,"comment_status":"closed","ping_status":"closed","template":"","meta":{"_et_pb_use_builder":"","_et_pb_old_content":"","_et_gb_content_width":"","footnotes":""},"class_list":["post-638","page","type-page","status-publish","hentry"],"_links":{"self":[{"href":"https:\/\/sinpol-assinpol.com.br\/site\/wp-json\/wp\/v2\/pages\/638","targetHints":{"allow":["GET"]}}],"collection":[{"href":"https:\/\/sinpol-assinpol.com.br\/site\/wp-json\/wp\/v2\/pages"}],"about":[{"href":"https:\/\/sinpol-assinpol.com.br\/site\/wp-json\/wp\/v2\/types\/page"}],"author":[{"embeddable":true,"href":"https:\/\/sinpol-assinpol.com.br\/site\/wp-json\/wp\/v2\/users\/1"}],"replies":[{"embeddable":true,"href":"https:\/\/sinpol-assinpol.com.br\/site\/wp-json\/wp\/v2\/comments?post=638"}],"version-history":[{"count":13,"href":"https:\/\/sinpol-assinpol.com.br\/site\/wp-json\/wp\/v2\/pages\/638\/revisions"}],"predecessor-version":[{"id":659,"href":"https:\/\/sinpol-assinpol.com.br\/site\/wp-json\/wp\/v2\/pages\/638\/revisions\/659"}],"wp:attachment":[{"href":"https:\/\/sinpol-assinpol.com.br\/site\/wp-json\/wp\/v2\/media?parent=638"}],"curies":[{"name":"wp","href":"https:\/\/api.w.org\/{rel}","templated":true}]}}